{"id":1146,"date":"2025-05-13T05:30:54","date_gmt":"2025-05-13T05:30:54","guid":{"rendered":"https:\/\/ambassador.cambia-marketing.it\/?page_id=1146"},"modified":"2025-05-13T15:40:56","modified_gmt":"2025-05-13T15:40:56","slug":"pacchetti","status":"publish","type":"page","link":"https:\/\/hotelambassadorgrottammare.it\/en\/pacchetti\/","title":{"rendered":"Pacchetti"},"content":{"rendered":"<div data-elementor-type=\"wp-page\" data-elementor-id=\"1146\" class=\"elementor elementor-1146\" data-elementor-post-type=\"page\">\n\t\t\t\t<div class=\"elementor-element elementor-element-5fb080a e-con-full e-flex e-con e-parent\" data-id=\"5fb080a\" data-element_type=\"container\" data-settings=\"{&quot;background_background&quot;:&quot;classic&quot;}\">\n\t\t<div class=\"elementor-element elementor-element-2681054 e-con-full e-flex e-con e-child\" data-id=\"2681054\" data-element_type=\"container\">\n\t\t\t\t<div class=\"elementor-element elementor-element-8c17c1e elementor-widget elementor-widget-heading\" data-id=\"8c17c1e\" data-element_type=\"widget\" data-widget_type=\"heading.default\">\n\t\t\t\t<div class=\"elementor-widget-container\">\n\t\t\t\t\t<h2 class=\"elementor-heading-title elementor-size-default\">pacchetti<\/h2>\t\t\t\t<\/div>\n\t\t\t\t<\/div>\n\t\t\t\t<div class=\"elementor-element elementor-element-44e973d elementor-widget elementor-widget-heading\" data-id=\"44e973d\" data-element_type=\"widget\" data-widget_type=\"heading.default\">\n\t\t\t\t<div class=\"elementor-widget-container\">\n\t\t\t\t\t<h2 class=\"elementor-heading-title elementor-size-default\">organizza ora la tua vacanza a grotttammare<\/h2>\t\t\t\t<\/div>\n\t\t\t\t<\/div>\n\t\t\t\t<\/div>\n\t\t\t\t<\/div>\n\t\t<div class=\"elementor-element elementor-element-370535c e-con-full e-flex e-con e-child\" data-id=\"370535c\" data-element_type=\"container\">\n\t\t<div class=\"elementor-element elementor-element-f2fd668 e-con-full e-flex e-con e-child\" data-id=\"f2fd668\" data-element_type=\"container\">\n\t\t\t\t<div class=\"elementor-element elementor-element-d245422 elementor-widget elementor-widget-heading\" data-id=\"d245422\" data-element_type=\"widget\" data-widget_type=\"heading.default\">\n\t\t\t\t<div class=\"elementor-widget-container\">\n\t\t\t\t\t<h2 class=\"elementor-heading-title elementor-size-default\">approfitta dei nostri pacchetti<\/h2>\t\t\t\t<\/div>\n\t\t\t\t<\/div>\n\t\t\t\t<\/div>\n\t\t\t\t<\/div>\n\t\t<div class=\"elementor-element elementor-element-298f240 e-con-full e-flex e-con e-parent\" data-id=\"298f240\" data-element_type=\"container\">\n\t\t<div class=\"elementor-element elementor-element-4e53073 e-con-full e-flex e-con e-child\" data-id=\"4e53073\" data-element_type=\"container\" data-settings=\"{&quot;background_background&quot;:&quot;classic&quot;}\">\n\t\t\t\t<\/div>\n\t\t<div class=\"elementor-element elementor-element-a34c798 e-con-full e-flex e-con e-child\" data-id=\"a34c798\" data-element_type=\"container\" data-settings=\"{&quot;background_background&quot;:&quot;classic&quot;}\">\n\t\t\t\t<div class=\"elementor-element elementor-element-c084785 elementor-widget elementor-widget-heading\" data-id=\"c084785\" data-element_type=\"widget\" data-widget_type=\"heading.default\">\n\t\t\t\t<div class=\"elementor-widget-container\">\n\t\t\t\t\t<h2 class=\"elementor-heading-title elementor-size-default\">pACCHETTO family<\/h2>\t\t\t\t<\/div>\n\t\t\t\t<\/div>\n\t\t\t\t<div class=\"elementor-element elementor-element-a0c2278 elementor-widget elementor-widget-text-editor\" data-id=\"a0c2278\" data-element_type=\"widget\" data-widget_type=\"text-editor.default\">\n\t\t\t\t<div class=\"elementor-widget-container\">\n\t\t\t\t\t\t\t\t\t<p>Lorem ipsum dolor sit amet, consectetur adipiscing elit<\/p>\t\t\t\t\t\t\t\t<\/div>\n\t\t\t\t<\/div>\n\t\t<div class=\"elementor-element elementor-element-19be001 e-con-full elementor-hidden-mobile e-flex e-con e-child\" data-id=\"19be001\" data-element_type=\"container\">\n\t\t<div class=\"elementor-element elementor-element-d19ef96 e-con-full e-flex e-con e-child\" data-id=\"d19ef96\" data-element_type=\"container\">\n\t\t\t\t<div class=\"elementor-element elementor-element-b458a78 pulsantebianco elementor-widget elementor-widget-heading\" data-id=\"b458a78\" data-element_type=\"widget\" data-widget_type=\"heading.default\">\n\t\t\t\t<div class=\"elementor-widget-container\">\n\t\t\t\t\t<h2 class=\"elementor-heading-title elementor-size-default\"><a href=\"\/en\/dintorni\/\">Find out more<\/a><\/h2>\t\t\t\t<\/div>\n\t\t\t\t<\/div>\n\t\t\t\t<div class=\"elementor-element elementor-element-5d8e667 elementor-widget elementor-widget-html\" data-id=\"5d8e667\" data-element_type=\"widget\" data-widget_type=\"html.default\">\n\t\t\t\t<div class=\"elementor-widget-container\">\n\t\t\t\t\t<div class=\"circle-animated-buttonblu\">\n    <a href=\"\/en\/dintorni\/\">    \n\n  <svg class=\"circle\" width=\"90\" height=\"50\" viewbox=\"0 0 60 60\">\n    <circle cx=\"30\" cy=\"30\" r=\"28\" \/>\n  <\/svg><\/a>\n  <div class=\"icon-svg\">\n    <img decoding=\"async\" src=\"http:\/\/ambassador.cambia-marketing.it\/wp-content\/uploads\/2025\/05\/freccia-blu-1.svg\" alt=\"Icona\" width=\"40\" height=\"28\">\n  <\/div>\n<\/div>\n\n\t\t\t\t<\/div>\n\t\t\t\t<\/div>\n\t\t\t\t<\/div>\n\t\t\t\t<div class=\"elementor-element elementor-element-b0c325b elementor-align-right elementor-hidden-tablet elementor-hidden-mobile elementor-widget elementor-widget-button\" data-id=\"b0c325b\" data-element_type=\"widget\" data-widget_type=\"button.default\">\n\t\t\t\t<div class=\"elementor-widget-container\">\n\t\t\t\t\t\t\t\t\t<div class=\"elementor-button-wrapper\">\n\t\t\t\t\t<a class=\"elementor-button elementor-button-link elementor-size-sm\" href=\"https:\/\/reservations.verticalbooking.com\/\/premium\/index.html?id_stile=21095&#038;lingua_int=ita&#038;id_albergo=28170&#038;dc=7004\" target=\"_blank\" rel=\"noopener\">\n\t\t\t\t\t\t<span class=\"elementor-button-content-wrapper\">\n\t\t\t\t\t\t\t\t\t<span class=\"elementor-button-text\">Check availability<\/span>\n\t\t\t\t\t<\/span>\n\t\t\t\t\t<\/a>\n\t\t\t\t<\/div>\n\t\t\t\t\t\t\t\t<\/div>\n\t\t\t\t<\/div>\n\t\t\t\t<\/div>\n\t\t\t\t<\/div>\n\t\t\t\t<\/div>\n\t\t<div class=\"elementor-element elementor-element-2a0db81 e-con-full e-flex e-con e-parent\" data-id=\"2a0db81\" data-element_type=\"container\">\n\t\t<div class=\"elementor-element elementor-element-a2018e6 e-con-full e-flex e-con e-child\" data-id=\"a2018e6\" data-element_type=\"container\" data-settings=\"{&quot;background_background&quot;:&quot;classic&quot;}\">\n\t\t\t\t<div class=\"elementor-element elementor-element-f690424 elementor-widget elementor-widget-heading\" data-id=\"f690424\" data-element_type=\"widget\" data-widget_type=\"heading.default\">\n\t\t\t\t<div class=\"elementor-widget-container\">\n\t\t\t\t\t<h2 class=\"elementor-heading-title elementor-size-default\">pACCHETTO estate<\/h2>\t\t\t\t<\/div>\n\t\t\t\t<\/div>\n\t\t\t\t<div class=\"elementor-element elementor-element-64cc7e6 elementor-widget elementor-widget-text-editor\" data-id=\"64cc7e6\" data-element_type=\"widget\" data-widget_type=\"text-editor.default\">\n\t\t\t\t<div class=\"elementor-widget-container\">\n\t\t\t\t\t\t\t\t\t<p>Lorem ipsum dolor sit amet, consectetur adipiscing elit<\/p>\t\t\t\t\t\t\t\t<\/div>\n\t\t\t\t<\/div>\n\t\t<div class=\"elementor-element elementor-element-1392470 e-con-full elementor-hidden-mobile e-flex e-con e-child\" data-id=\"1392470\" data-element_type=\"container\">\n\t\t<div class=\"elementor-element elementor-element-699ad23 e-con-full e-flex e-con e-child\" data-id=\"699ad23\" data-element_type=\"container\">\n\t\t\t\t<div class=\"elementor-element elementor-element-3fbf588 pulsantebianco elementor-widget elementor-widget-heading\" data-id=\"3fbf588\" data-element_type=\"widget\" data-widget_type=\"heading.default\">\n\t\t\t\t<div class=\"elementor-widget-container\">\n\t\t\t\t\t<h2 class=\"elementor-heading-title elementor-size-default\"><a href=\"\/en\/dintorni\/\">Find out more<\/a><\/h2>\t\t\t\t<\/div>\n\t\t\t\t<\/div>\n\t\t\t\t<div class=\"elementor-element elementor-element-5f56401 elementor-widget elementor-widget-html\" data-id=\"5f56401\" data-element_type=\"widget\" data-widget_type=\"html.default\">\n\t\t\t\t<div class=\"elementor-widget-container\">\n\t\t\t\t\t<div class=\"circle-animated-buttonblu\">\n    <a href=\"\/en\/dintorni\/\">    \n\n  <svg class=\"circle\" width=\"90\" height=\"50\" viewbox=\"0 0 60 60\">\n    <circle cx=\"30\" cy=\"30\" r=\"28\" \/>\n  <\/svg><\/a>\n  <div class=\"icon-svg\">\n    <img decoding=\"async\" src=\"http:\/\/ambassador.cambia-marketing.it\/wp-content\/uploads\/2025\/05\/freccia-blu-1.svg\" alt=\"Icona\" width=\"40\" height=\"28\">\n  <\/div>\n<\/div>\n\n\t\t\t\t<\/div>\n\t\t\t\t<\/div>\n\t\t\t\t<\/div>\n\t\t\t\t<div class=\"elementor-element elementor-element-cca14f5 elementor-align-right elementor-hidden-tablet elementor-hidden-mobile elementor-widget elementor-widget-button\" data-id=\"cca14f5\" data-element_type=\"widget\" data-widget_type=\"button.default\">\n\t\t\t\t<div class=\"elementor-widget-container\">\n\t\t\t\t\t\t\t\t\t<div class=\"elementor-button-wrapper\">\n\t\t\t\t\t<a class=\"elementor-button elementor-button-link elementor-size-sm\" href=\"https:\/\/reservations.verticalbooking.com\/\/premium\/index.html?id_stile=21095&#038;lingua_int=ita&#038;id_albergo=28170&#038;dc=7004\" target=\"_blank\" rel=\"noopener\">\n\t\t\t\t\t\t<span class=\"elementor-button-content-wrapper\">\n\t\t\t\t\t\t\t\t\t<span class=\"elementor-button-text\">Check availability<\/span>\n\t\t\t\t\t<\/span>\n\t\t\t\t\t<\/a>\n\t\t\t\t<\/div>\n\t\t\t\t\t\t\t\t<\/div>\n\t\t\t\t<\/div>\n\t\t\t\t<\/div>\n\t\t\t\t<\/div>\n\t\t<div class=\"elementor-element elementor-element-76b3874 e-con-full e-flex e-con e-child\" data-id=\"76b3874\" data-element_type=\"container\" data-settings=\"{&quot;background_background&quot;:&quot;classic&quot;}\">\n\t\t\t\t<\/div>\n\t\t\t\t<\/div>\n\t\t<div class=\"elementor-element elementor-element-7797802 e-con-full e-flex e-con e-child\" data-id=\"7797802\" data-element_type=\"container\">\n\t\t<div class=\"elementor-element elementor-element-36dd1c3 e-con-full e-flex e-con e-child\" data-id=\"36dd1c3\" data-element_type=\"container\">\n\t\t\t\t<div class=\"elementor-element elementor-element-f27c3d6 elementor-widget elementor-widget-heading\" data-id=\"f27c3d6\" data-element_type=\"widget\" data-widget_type=\"heading.default\">\n\t\t\t\t<div class=\"elementor-widget-container\">\n\t\t\t\t\t<h2 class=\"elementor-heading-title elementor-size-default\">Approfitta ora dei nostri pacchetti<\/h2>\t\t\t\t<\/div>\n\t\t\t\t<\/div>\n\t\t\t\t<\/div>\n\t\t\t\t<\/div>\n\t\t<div class=\"elementor-element elementor-element-7dfbe37 e-con-full carosello e-flex e-con e-parent\" data-id=\"7dfbe37\" data-element_type=\"container\" id=\"formpacchetti\">\n\t\t<div class=\"elementor-element elementor-element-c096e51 e-con-full e-flex e-con e-child\" data-id=\"c096e51\" data-element_type=\"container\">\n\t\t\t\t<div class=\"elementor-element elementor-element-2523a33 elementor-widget elementor-widget-heading\" data-id=\"2523a33\" data-element_type=\"widget\" data-widget_type=\"heading.default\">\n\t\t\t\t<div class=\"elementor-widget-container\">\n\t\t\t\t\t<h2 class=\"elementor-heading-title elementor-size-default\">SEND A REQUEST<\/h2>\t\t\t\t<\/div>\n\t\t\t\t<\/div>\n\t\t\t\t<div class=\"elementor-element elementor-element-c637e24 elementor-widget elementor-widget-text-editor\" data-id=\"c637e24\" data-element_type=\"widget\" data-widget_type=\"text-editor.default\">\n\t\t\t\t<div class=\"elementor-widget-container\">\n\t\t\t\t\t\t\t\t\t<p>Compila il modulo per richiedere informazioni\u00a0\u00a0<\/p>\t\t\t\t\t\t\t\t<\/div>\n\t\t\t\t<\/div>\n\t\t\t\t<div class=\"elementor-element elementor-element-93a392e elementor-button-align-end elementor-widget elementor-widget-form\" data-id=\"93a392e\" data-element_type=\"widget\" data-settings=\"{&quot;step_next_label&quot;:&quot;Successivo&quot;,&quot;step_previous_label&quot;:&quot;Precedente&quot;,&quot;button_width&quot;:&quot;100&quot;,&quot;step_type&quot;:&quot;number_text&quot;,&quot;step_icon_shape&quot;:&quot;circle&quot;}\" data-widget_type=\"form.default\">\n\t\t\t\t<div class=\"elementor-widget-container\">\n\t\t\t\t\t\t\t<form class=\"elementor-form\" method=\"post\" name=\"Nuovo modulo\" aria-label=\"Nuovo modulo\" action=\"\">\n\t\t\t<input type=\"hidden\" name=\"post_id\" value=\"1146\"\/>\n\t\t\t<input type=\"hidden\" name=\"form_id\" value=\"93a392e\"\/>\n\t\t\t<input type=\"hidden\" name=\"referer_title\" value=\"Pacchetti - Hotel Ambassador\" \/>\n\n\t\t\t\t\t\t\t<input type=\"hidden\" name=\"queried_id\" value=\"1146\"\/>\n\t\t\t\n\t\t\t<div class=\"elementor-form-fields-wrapper elementor-labels-\">\n\t\t\t\t\t\t\t\t<div class=\"elementor-field-type-text elementor-field-group elementor-column elementor-field-group-name elementor-col-50\">\n\t\t\t\t\t\t\t\t\t\t\t\t<label for=\"form-field-name\" class=\"elementor-field-label elementor-screen-only\">\n\t\t\t\t\t\t\t\tFirst and last name\t\t\t\t\t\t\t<\/label>\n\t\t\t\t\t\t\t\t\t\t\t\t\t\t<input size=\"1\" type=\"text\" name=\"form_fields[name]\" id=\"form-field-name\" class=\"elementor-field elementor-size-sm  elementor-field-textual\" placeholder=\"First and last name\">\n\t\t\t\t\t\t\t\t\t\t\t<\/div>\n\t\t\t\t\t\t\t\t<div class=\"elementor-field-type-tel elementor-field-group elementor-column elementor-field-group-email elementor-col-50 elementor-field-required\">\n\t\t\t\t\t\t\t\t\t\t\t\t<label for=\"form-field-email\" class=\"elementor-field-label elementor-screen-only\">\n\t\t\t\t\t\t\t\tPhone\t\t\t\t\t\t\t<\/label>\n\t\t\t\t\t\t\t\t<input size=\"1\" type=\"tel\" name=\"form_fields[email]\" id=\"form-field-email\" class=\"elementor-field elementor-size-sm  elementor-field-textual\" placeholder=\"Phone\" required=\"required\" pattern=\"[0-9()#&amp;+*-=.]+\" title=\"Only numbers and phone characters (#, -, *, etc) are accepted.\" data-no-translation-title=\"\">\n\n\t\t\t\t\t\t<\/div>\n\t\t\t\t\t\t\t\t<div class=\"elementor-field-type-email elementor-field-group elementor-column elementor-field-group-field_2e82c74 elementor-col-100 elementor-field-required\">\n\t\t\t\t\t\t\t\t\t\t\t\t<label for=\"form-field-field_2e82c74\" class=\"elementor-field-label elementor-screen-only\">\n\t\t\t\t\t\t\t\tEmail\t\t\t\t\t\t\t<\/label>\n\t\t\t\t\t\t\t\t\t\t\t\t\t\t<input size=\"1\" type=\"email\" name=\"form_fields[field_2e82c74]\" id=\"form-field-field_2e82c74\" class=\"elementor-field elementor-size-sm  elementor-field-textual\" placeholder=\"Email\" required=\"required\">\n\t\t\t\t\t\t\t\t\t\t\t<\/div>\n\t\t\t\t\t\t\t\t<div class=\"elementor-field-type-number elementor-field-group elementor-column elementor-field-group-field_2b7d4a0 elementor-col-50 elementor-field-required\">\n\t\t\t\t\t\t\t\t\t\t\t\t<label for=\"form-field-field_2b7d4a0\" class=\"elementor-field-label elementor-screen-only\">\n\t\t\t\t\t\t\t\tNumber of adults\t\t\t\t\t\t\t<\/label>\n\t\t\t\t\t\t\t\t\t<input type=\"number\" name=\"form_fields[field_2b7d4a0]\" id=\"form-field-field_2b7d4a0\" class=\"elementor-field elementor-size-sm  elementor-field-textual\" placeholder=\"Number of adults\" required=\"required\" min=\"\" max=\"\" >\n\t\t\t\t\t\t<\/div>\n\t\t\t\t\t\t\t\t<div class=\"elementor-field-type-number elementor-field-group elementor-column elementor-field-group-field_bf95025 elementor-col-50 elementor-field-required\">\n\t\t\t\t\t\t\t\t\t\t\t\t<label for=\"form-field-field_bf95025\" class=\"elementor-field-label elementor-screen-only\">\n\t\t\t\t\t\t\t\tNumber of children\t\t\t\t\t\t\t<\/label>\n\t\t\t\t\t\t\t\t\t<input type=\"number\" name=\"form_fields[field_bf95025]\" id=\"form-field-field_bf95025\" class=\"elementor-field elementor-size-sm  elementor-field-textual\" placeholder=\"Number of children\" required=\"required\" min=\"\" max=\"\" >\n\t\t\t\t\t\t<\/div>\n\t\t\t\t\t\t\t\t<div class=\"elementor-field-type-date elementor-field-group elementor-column elementor-field-group-field_a72bd46 elementor-col-50 elementor-field-required\">\n\t\t\t\t\t\t\t\t\t\t\t\t<label for=\"form-field-field_a72bd46\" class=\"elementor-field-label elementor-screen-only\">\n\t\t\t\t\t\t\t\tArrival date\t\t\t\t\t\t\t<\/label>\n\t\t\t\t\t\t\n\t\t<input type=\"date\" name=\"form_fields[field_a72bd46]\" id=\"form-field-field_a72bd46\" class=\"elementor-field elementor-size-sm  elementor-field-textual elementor-date-field\" placeholder=\"Arrival date\" required=\"required\" pattern=\"[0-9]{4}-[0-9]{2}-[0-9]{2}\">\n\t\t\t\t\t\t<\/div>\n\t\t\t\t\t\t\t\t<div class=\"elementor-field-type-date elementor-field-group elementor-column elementor-field-group-field_06c4163 elementor-col-50 elementor-field-required\">\n\t\t\t\t\t\t\t\t\t\t\t\t<label for=\"form-field-field_06c4163\" class=\"elementor-field-label elementor-screen-only\">\n\t\t\t\t\t\t\t\tDeparture date\t\t\t\t\t\t\t<\/label>\n\t\t\t\t\t\t\n\t\t<input type=\"date\" name=\"form_fields[field_06c4163]\" id=\"form-field-field_06c4163\" class=\"elementor-field elementor-size-sm  elementor-field-textual elementor-date-field\" placeholder=\"Departure date\" required=\"required\" pattern=\"[0-9]{4}-[0-9]{2}-[0-9]{2}\">\n\t\t\t\t\t\t<\/div>\n\t\t\t\t\t\t\t\t<div class=\"elementor-field-type-select elementor-field-group elementor-column elementor-field-group-field_1285260 elementor-col-100 elementor-field-required\">\n\t\t\t\t\t\t\t\t\t\t\t\t<label for=\"form-field-field_1285260\" class=\"elementor-field-label elementor-screen-only\">\n\t\t\t\t\t\t\t\tWhich type of room are you interested in?\t\t\t\t\t\t\t<\/label>\n\t\t\t\t\t\t\t\t<div class=\"elementor-field elementor-select-wrapper remove-before\">\n\t\t\t<div class=\"select-caret-down-wrapper\">\n\t\t\t\t<svg aria-hidden=\"true\" class=\"e-font-icon-svg e-eicon-caret-down\" viewbox=\"0 0 571.4 571.4\" xmlns=\"http:\/\/www.w3.org\/2000\/svg\"><path d=\"M571 393Q571 407 561 418L311 668Q300 679 286 679T261 668L11 418Q0 407 0 393T11 368 36 357H536Q550 357 561 368T571 393Z\"><\/path><\/svg>\t\t\t<\/div>\n\t\t\t<select name=\"form_fields[field_1285260]\" id=\"form-field-field_1285260\" class=\"elementor-field-textual elementor-size-sm\" required=\"required\">\n\t\t\t\t\t\t\t\t\t<option value=\"A quale pacchetto sei interessato?\">A quale pacchetto sei interessato?<\/option>\n\t\t\t\t\t\t\t\t\t<option value=\"Offerta 1 \">Offerta 1 <\/option>\n\t\t\t\t\t\t\t\t\t<option value=\"Offerta 2\">Offerta 2<\/option>\n\t\t\t\t\t\t\t<\/select>\n\t\t<\/div>\n\t\t\t\t\t\t<\/div>\n\t\t\t\t\t\t\t\t<div class=\"elementor-field-type-textarea elementor-field-group elementor-column elementor-field-group-message elementor-col-100\">\n\t\t\t\t\t\t\t\t\t\t\t\t<label for=\"form-field-message\" class=\"elementor-field-label elementor-screen-only\">\n\t\t\t\t\t\t\t\tMessage\t\t\t\t\t\t\t<\/label>\n\t\t\t\t\t\t<textarea class=\"elementor-field-textual elementor-field  elementor-size-sm\" name=\"form_fields[message]\" id=\"form-field-message\" rows=\"4\" placeholder=\"Message\"><\/textarea>\t\t\t\t<\/div>\n\t\t\t\t\t\t\t\t<div class=\"elementor-field-type-acceptance elementor-field-group elementor-column elementor-field-group-field_3c99613 elementor-col-100\">\n\t\t\t\t\t\t\t\t\t\t\t\t<label for=\"form-field-field_3c99613\" class=\"elementor-field-label elementor-screen-only\">\n\t\t\t\t\t\t\t\taccetto\t\t\t\t\t\t\t<\/label>\n\t\t\t\t\t\t\t\t<div class=\"elementor-field-subgroup\">\n\t\t\t<span class=\"elementor-field-option\">\n\t\t\t\t<input type=\"checkbox\" name=\"form_fields[field_3c99613]\" id=\"form-field-field_3c99613\" class=\"elementor-field elementor-size-sm  elementor-acceptance-field\">\n\t\t\t\t<label for=\"form-field-field_3c99613\">I have read and accept the <a style class=\"bianco\" href=\"\/en\/privacy-policy\/\">privacy policy<\/a><\/label>\t\t\t<\/span>\n\t\t<\/div>\n\t\t\t\t\t\t<\/div>\n\t\t\t\t\t\t\t\t<div class=\"elementor-field-group elementor-column elementor-field-type-submit elementor-col-100 e-form__buttons\">\n\t\t\t\t\t<button class=\"elementor-button elementor-size-sm\" type=\"submit\">\n\t\t\t\t\t\t<span class=\"elementor-button-content-wrapper\">\n\t\t\t\t\t\t\t\t\t\t\t\t\t\t\t\t\t\t\t\t\t\t<span class=\"elementor-button-text\">Send Request<\/span>\n\t\t\t\t\t\t\t\t\t\t\t\t\t<\/span>\n\t\t\t\t\t<\/button>\n\t\t\t\t<\/div>\n\t\t\t<\/div>\n\t\t<input type=\"hidden\" name=\"trp-form-language\" value=\"en\"\/><\/form>\n\t\t\t\t\t\t<\/div>\n\t\t\t\t<\/div>\n\t\t\t\t<\/div>\n\t\t\t\t<\/div>\n\t\t\t\t<\/div>","protected":false},"excerpt":{"rendered":"<p>pacchetti organizza ora la tua vacanza a grotttammare approfitta dei nostri pacchetti pACCHETTO family Lorem ipsum dolor sit amet, consectetur adipiscing elit Scopri di pi\u00f9 Verifica disponibilit\u00e0 pACCHETTO estate Lorem ipsum dolor sit amet, consectetur adipiscing elit Scopri di pi\u00f9 Verifica disponibilit\u00e0 Approfitta ora dei nostri pacchetti INVIA UNA RICHIESTA Compila il modulo per richiedere [&hellip;]<\/p>","protected":false},"author":1,"featured_media":0,"parent":0,"menu_order":0,"comment_status":"closed","ping_status":"closed","template":"elementor_header_footer","meta":{"footnotes":""},"class_list":["post-1146","page","type-page","status-publish","hentry"],"_links":{"self":[{"href":"https:\/\/hotelambassadorgrottammare.it\/en\/wp-json\/wp\/v2\/pages\/1146","targetHints":{"allow":["GET"]}}],"collection":[{"href":"https:\/\/hotelambassadorgrottammare.it\/en\/wp-json\/wp\/v2\/pages"}],"about":[{"href":"https:\/\/hotelambassadorgrottammare.it\/en\/wp-json\/wp\/v2\/types\/page"}],"author":[{"embeddable":true,"href":"https:\/\/hotelambassadorgrottammare.it\/en\/wp-json\/wp\/v2\/users\/1"}],"replies":[{"embeddable":true,"href":"https:\/\/hotelambassadorgrottammare.it\/en\/wp-json\/wp\/v2\/comments?post=1146"}],"version-history":[{"count":43,"href":"https:\/\/hotelambassadorgrottammare.it\/en\/wp-json\/wp\/v2\/pages\/1146\/revisions"}],"predecessor-version":[{"id":1752,"href":"https:\/\/hotelambassadorgrottammare.it\/en\/wp-json\/wp\/v2\/pages\/1146\/revisions\/1752"}],"wp:attachment":[{"href":"https:\/\/hotelambassadorgrottammare.it\/en\/wp-json\/wp\/v2\/media?parent=1146"}],"curies":[{"name":"wp","href":"https:\/\/api.w.org\/{rel}","templated":true}]}}