{"id":1670,"date":"2025-05-13T14:36:56","date_gmt":"2025-05-13T14:36:56","guid":{"rendered":"https:\/\/ambassador.cambia-marketing.it\/?page_id=1670"},"modified":"2025-05-27T15:08:56","modified_gmt":"2025-05-27T15:08:56","slug":"dintorni","status":"publish","type":"page","link":"https:\/\/hotelambassadorgrottammare.it\/en\/dintorni\/","title":{"rendered":"Surroundings"},"content":{"rendered":"<div data-elementor-type=\"wp-page\" data-elementor-id=\"1670\" class=\"elementor elementor-1670\" data-elementor-post-type=\"page\">\n\t\t\t\t<div class=\"elementor-element elementor-element-92261ff e-con-full e-flex e-con e-parent\" data-id=\"92261ff\" data-element_type=\"container\" data-settings=\"{&quot;background_background&quot;:&quot;classic&quot;}\">\n\t\t<div class=\"elementor-element elementor-element-d5b003c e-con-full e-flex e-con e-child\" data-id=\"d5b003c\" data-element_type=\"container\">\n\t\t\t\t<div class=\"elementor-element elementor-element-443eaa0 elementor-widget elementor-widget-heading\" data-id=\"443eaa0\" data-element_type=\"widget\" data-widget_type=\"heading.default\">\n\t\t\t\t<div class=\"elementor-widget-container\">\n\t\t\t\t\t<h2 class=\"elementor-heading-title elementor-size-default\">Surroundings<\/h2>\t\t\t\t<\/div>\n\t\t\t\t<\/div>\n\t\t\t\t<div class=\"elementor-element elementor-element-409145a elementor-widget elementor-widget-heading\" data-id=\"409145a\" data-element_type=\"widget\" data-widget_type=\"heading.default\">\n\t\t\t\t<div class=\"elementor-widget-container\">\n\t\t\t\t\t<h2 class=\"elementor-heading-title elementor-size-default\">in Grottammare<\/h2>\t\t\t\t<\/div>\n\t\t\t\t<\/div>\n\t\t\t\t<\/div>\n\t\t\t\t<\/div>\n\t\t<div class=\"elementor-element elementor-element-d7d426e e-con-full e-flex e-con e-child\" data-id=\"d7d426e\" data-element_type=\"container\">\n\t\t<div class=\"elementor-element elementor-element-d918c65 e-con-full e-flex e-con e-child\" data-id=\"d918c65\" data-element_type=\"container\">\n\t\t\t\t<div class=\"elementor-element elementor-element-6ed824c elementor-widget elementor-widget-heading\" data-id=\"6ed824c\" data-element_type=\"widget\" data-widget_type=\"heading.default\">\n\t\t\t\t<div class=\"elementor-widget-container\">\n\t\t\t\t\t<h2 class=\"elementor-heading-title elementor-size-default\">Explore the surroundings of Grottammare<\/h2>\t\t\t\t<\/div>\n\t\t\t\t<\/div>\n\t\t\t\t<\/div>\n\t\t\t\t<\/div>\n\t\t<div class=\"elementor-element elementor-element-8d2fdef e-con-full e-flex e-con e-parent\" data-id=\"8d2fdef\" data-element_type=\"container\">\n\t\t<div class=\"elementor-element elementor-element-fc60c8f e-con-full e-flex e-con e-child\" data-id=\"fc60c8f\" data-element_type=\"container\" data-settings=\"{&quot;background_background&quot;:&quot;classic&quot;}\">\n\t\t\t\t<\/div>\n\t\t<div class=\"elementor-element elementor-element-d1fe5b4 e-con-full e-flex e-con e-child\" data-id=\"d1fe5b4\" data-element_type=\"container\" data-settings=\"{&quot;background_background&quot;:&quot;classic&quot;}\">\n\t\t\t\t<div class=\"elementor-element elementor-element-0e4d304 elementor-widget elementor-widget-heading\" data-id=\"0e4d304\" data-element_type=\"widget\" data-widget_type=\"heading.default\">\n\t\t\t\t<div class=\"elementor-widget-container\">\n\t\t\t\t\t<h2 class=\"elementor-heading-title elementor-size-default\">Riviera delle Palme<\/h2>\t\t\t\t<\/div>\n\t\t\t\t<\/div>\n\t\t\t\t<div class=\"elementor-element elementor-element-404a153 elementor-widget elementor-widget-text-editor\" data-id=\"404a153\" data-element_type=\"widget\" data-widget_type=\"text-editor.default\">\n\t\t\t\t<div class=\"elementor-widget-container\">\n\t\t\t\t\t\t\t\t\tIn the heart of the Riviera Picena delle Palme, Grottammare is one of the most charming seaside resorts on the Adriatic coast. Fine sandy beaches, clear sea, palm trees, colorful oleanders, and orange groves create an exotic and relaxing atmosphere, perfect for a holiday immersed in nature and beauty.\n\n\t\t\t\t\t\t\t\t<\/div>\n\t\t\t\t<\/div>\n\t\t\t\t<\/div>\n\t\t\t\t<\/div>\n\t\t<div class=\"elementor-element elementor-element-f04b9ec e-con-full e-flex e-con e-parent\" data-id=\"f04b9ec\" data-element_type=\"container\">\n\t\t<div class=\"elementor-element elementor-element-7f1455d e-con-full e-flex e-con e-child\" data-id=\"7f1455d\" data-element_type=\"container\" data-settings=\"{&quot;background_background&quot;:&quot;classic&quot;}\">\n\t\t\t\t<div class=\"elementor-element elementor-element-6663f1d elementor-widget elementor-widget-heading\" data-id=\"6663f1d\" data-element_type=\"widget\" data-widget_type=\"heading.default\">\n\t\t\t\t<div class=\"elementor-widget-container\">\n\t\t\t\t\t<h2 class=\"elementor-heading-title elementor-size-default translation-block\">Grottammare Alta<br> the medieval village<\/h2>\t\t\t\t<\/div>\n\t\t\t\t<\/div>\n\t\t\t\t<div class=\"elementor-element elementor-element-8425a53 elementor-widget elementor-widget-text-editor\" data-id=\"8425a53\" data-element_type=\"widget\" data-widget_type=\"text-editor.default\">\n\t\t\t\t<div class=\"elementor-widget-container\">\n\t\t\t\t\t\t\t\t\t<p>The medieval village, perched on the hill, offers enchanting views, brick houses, cobbled alleys, and historic monuments such as the Castle and the Battle Tower, which houses works by Pericle Fazzini, and the Church of Santa Lucia. Not to be missed is the evocative Piazzetta Peretti, with the Teatro dell\u2019Arancio (one of the historic theaters of the Marche) overlooking the sea.<\/p>\t\t\t\t\t\t\t\t<\/div>\n\t\t\t\t<\/div>\n\t\t\t\t<\/div>\n\t\t<div class=\"elementor-element elementor-element-17b20e8 e-con-full e-flex e-con e-child\" data-id=\"17b20e8\" data-element_type=\"container\" data-settings=\"{&quot;background_background&quot;:&quot;classic&quot;}\">\n\t\t\t\t<\/div>\n\t\t\t\t<\/div>\n\t\t\t\t<\/div>","protected":false},"excerpt":{"rendered":"<p>Dintorni a grottammare Esplora i dintorni di grottammare Riviera delle Palme Nel cuore della Riviera Picena delle Palme, Grottammare \u00e8 una delle localit\u00e0 balneari pi\u00f9 affascinanti della costa adriatica. Spiagge di sabbia finissima, mare trasparente, palme, oleandri variopinti e aranceti creano un\u2019atmosfera esotica e rilassante, perfetta per una vacanza all\u2019insegna della natura e della bellezza. [&hellip;]<\/p>","protected":false},"author":1,"featured_media":0,"parent":0,"menu_order":0,"comment_status":"closed","ping_status":"closed","template":"elementor_header_footer","meta":{"footnotes":""},"class_list":["post-1670","page","type-page","status-publish","hentry"],"_links":{"self":[{"href":"https:\/\/hotelambassadorgrottammare.it\/en\/wp-json\/wp\/v2\/pages\/1670","targetHints":{"allow":["GET"]}}],"collection":[{"href":"https:\/\/hotelambassadorgrottammare.it\/en\/wp-json\/wp\/v2\/pages"}],"about":[{"href":"https:\/\/hotelambassadorgrottammare.it\/en\/wp-json\/wp\/v2\/types\/page"}],"author":[{"embeddable":true,"href":"https:\/\/hotelambassadorgrottammare.it\/en\/wp-json\/wp\/v2\/users\/1"}],"replies":[{"embeddable":true,"href":"https:\/\/hotelambassadorgrottammare.it\/en\/wp-json\/wp\/v2\/comments?post=1670"}],"version-history":[{"count":16,"href":"https:\/\/hotelambassadorgrottammare.it\/en\/wp-json\/wp\/v2\/pages\/1670\/revisions"}],"predecessor-version":[{"id":1827,"href":"https:\/\/hotelambassadorgrottammare.it\/en\/wp-json\/wp\/v2\/pages\/1670\/revisions\/1827"}],"wp:attachment":[{"href":"https:\/\/hotelambassadorgrottammare.it\/en\/wp-json\/wp\/v2\/media?parent=1670"}],"curies":[{"name":"wp","href":"https:\/\/api.w.org\/{rel}","templated":true}]}}